{"id":279,"date":"2024-03-12T17:07:02","date_gmt":"2024-03-12T16:07:02","guid":{"rendered":"https:\/\/btb-dwb.srv06.danubeweb.at\/muenchen2024\/?page_id=279"},"modified":"2024-04-03T10:46:08","modified_gmt":"2024-04-03T09:46:08","slug":"location","status":"publish","type":"page","link":"https:\/\/btb-dwb.srv06.danubeweb.at\/muenchen2024\/en\/location\/","title":{"rendered":"Messeort &#038; Location"},"content":{"rendered":"<h1>BTB &#8211; BUS TRAVEL BUSINESS WORKSHOP M\u00dcNCHEN<\/h1>\n\t<h2>Important information\u2019s regarding the BTB Workshop<\/h2>\n<p>&nbsp;<\/p>\n<strong>Venue of the workshop<\/strong><br \/>\nVenue of the workshop 2024 is the B\u00fcrgerhalle in Oberschlei\u00dfheim. The workshop takes place at the B\u00fcrgerhalle. In the morning of the 27.8.2024 we will visit the Deutsche Museum Flugwerft Schlei\u00dfheim.\n<p>&nbsp;<\/p>\n<strong>Route Map<br \/>\n<\/strong>B\u00fcrgerhalle und neue B\u00fcrgerstuben Oberschlei\u00dfheim<br \/>\nTheodor-Heuss-Strasse 29<br \/>\n85764 Oberschlei\u00dfheim<br \/>\nDeutschland\nTel.\u00a0 +49 &#8211; 89 &#8211; 315 77 404<br \/>\nTel. +43 (0)676 513 96 31 (Busreisen.cc vor Ort)<br \/>\n<a href=\"http:\/\/www.neue-buergerstuben.de\">www.neue-buergerstuben.de<\/a>\n<p>&nbsp;<\/p>\n<strong>Parking<\/strong><br \/>\nParking is available on the official parking space at the hall.\n<p>&nbsp;<\/p>\n<strong>Exhibit Space<\/strong><br \/>\nThe exhibition areas are located in the B\u00fcrgerhalle Oberschlei\u00dfheim\n<p>&nbsp;<\/p>\n<strong>Exhibitor Plan<\/strong><br \/>\nAvailable in the beginning of August 2024 on our Homepage in the register hall plan.\n<p>&nbsp;<\/p>\n<h3>Informations for Exhibitors<\/h3>\n<p><strong>Overnight stay<\/strong><\/p>\n<p>The B.T.B has arranged a contingent of rooms for exhibitors and guests, for a special price in the nearby Hotels.\nMore information and requests under<strong>\u00a0<a href=\"mailto:info@btb.cc\">info@btb.cc<\/a>.<\/strong><\/p>\n\t\t\t\t<img decoding=\"async\" loading=\"lazy\" src=\"https:\/\/btb-dwb.srv06.danubeweb.at\/muenchen2024\/wp-content\/uploads\/sites\/13\/2024\/04\/Flugwerft_Ansicht_bei_Nacht.jpg\" alt=\"Flugwerft_Ansicht_bei_Nacht\" itemprop=\"image\" height=\"1939\" width=\"3000\" title=\"Flugwerft_Ansicht_bei_Nacht\" onerror=\"this.style.display='none'\"  \/>\n\t\t\t\t<img decoding=\"async\" loading=\"lazy\" src=\"https:\/\/btb-dwb.srv06.danubeweb.at\/muenchen2024\/wp-content\/uploads\/sites\/13\/2024\/04\/Flugwerft_Ansicht_Werfthalle.jpg\" alt=\"Flugwerft_Ansicht_Werfthalle\" itemprop=\"image\" height=\"1452\" width=\"2910\" title=\"Flugwerft_Ansicht_Werfthalle\" onerror=\"this.style.display='none'\"  \/>","protected":false},"excerpt":{"rendered":"<p>BTB &#8211; BUS TRAVEL BUSINESS WORKSHOP M\u00dcNCHEN Die wichtigsten Detail-Informationen zur BTB &nbsp; Workshoport Workshoport ist 2024 die B\u00fcrgerhalle in Oberschlei\u00dfheim. In der N\u00e4he der B\u00fcrgerhalle liegen die Flugwerft Schlei\u00dfheim&hellip;<\/p>","protected":false},"author":1,"featured_media":0,"parent":0,"menu_order":0,"comment_status":"closed","ping_status":"closed","template":"","meta":{"footnotes":""},"acf":[],"_links":{"self":[{"href":"https:\/\/btb-dwb.srv06.danubeweb.at\/muenchen2024\/en\/wp-json\/wp\/v2\/pages\/279"}],"collection":[{"href":"https:\/\/btb-dwb.srv06.danubeweb.at\/muenchen2024\/en\/wp-json\/wp\/v2\/pages"}],"about":[{"href":"https:\/\/btb-dwb.srv06.danubeweb.at\/muenchen2024\/en\/wp-json\/wp\/v2\/types\/page"}],"author":[{"embeddable":true,"href":"https:\/\/btb-dwb.srv06.danubeweb.at\/muenchen2024\/en\/wp-json\/wp\/v2\/users\/1"}],"replies":[{"embeddable":true,"href":"https:\/\/btb-dwb.srv06.danubeweb.at\/muenchen2024\/en\/wp-json\/wp\/v2\/comments?post=279"}],"version-history":[{"count":5,"href":"https:\/\/btb-dwb.srv06.danubeweb.at\/muenchen2024\/en\/wp-json\/wp\/v2\/pages\/279\/revisions"}],"predecessor-version":[{"id":838,"href":"https:\/\/btb-dwb.srv06.danubeweb.at\/muenchen2024\/en\/wp-json\/wp\/v2\/pages\/279\/revisions\/838"}],"wp:attachment":[{"href":"https:\/\/btb-dwb.srv06.danubeweb.at\/muenchen2024\/en\/wp-json\/wp\/v2\/media?parent=279"}],"curies":[{"name":"wp","href":"https:\/\/api.w.org\/{rel}","templated":true}]}}