{"id":840,"date":"2024-04-03T10:52:42","date_gmt":"2024-04-03T09:52:42","guid":{"rendered":"https:\/\/btb-dwb.srv06.danubeweb.at\/muenchen2024\/?page_id=840"},"modified":"2024-04-03T10:55:10","modified_gmt":"2024-04-03T09:55:10","slug":"idee-und-vorteile","status":"publish","type":"page","link":"https:\/\/btb-dwb.srv06.danubeweb.at\/muenchen2024\/en\/idee-und-vorteile\/","title":{"rendered":"Idee &#038; Vorteile"},"content":{"rendered":"<h1>BTB &#8211; BUS TRAVEL BUSINESS WORKSHOP M\u00dcNCHEN<\/h1>\n\t<h3>The Idea<\/h3>\n<p>In the special ambience of the B\u00fcrgerhalle Oberschlei\u00dfheim, exhibitors and trade visitors have the opportunity to meet each other in a pleasant atmosphere far away from impersonal gray exhibition halls. An entertaining evening program gives people from numerous European countries the chance to deepen contacts in a relaxed atmosphere.<\/p>\n<p>&nbsp;<\/p>\n<h3>The advantages<\/h3>\n<p>The advantages for exhibitors and visitors<\/p>\n<ul>\n<li>The Bus workshop in proximity, no hour\u2019s long journey.<\/li>\n<li>Compact and attractive program<\/li>\n<li>Enormous mix of exhibitors<\/li>\n<li>Social and atmospheric Workshop evening<\/li>\n<li>Tourism- and Event organizing experienced team<\/li>\n<li>Precise target group marketing<\/li>\n<li>Unique frame program<\/li>\n<\/ul>\n\t\t\t\t<img decoding=\"async\" loading=\"lazy\" src=\"https:\/\/btb-dwb.srv06.danubeweb.at\/muenchen2024\/wp-content\/uploads\/sites\/13\/2024\/04\/idee.jpg\" alt=\"idee\" itemprop=\"image\" height=\"573\" width=\"860\" title=\"idee\" onerror=\"this.style.display='none'\"  \/>","protected":false},"excerpt":{"rendered":"<p>BTB &#8211; BUS TRAVEL BUSINESS WORKSHOP M\u00dcNCHEN Die Idee Im gem\u00fctlichen Ambiente des B\u00fcrgersaals in Oberschlei\u00dfheim haben Aussteller und Fachpublikum die M\u00f6glichkeit, einander in angenehmer Atmosph\u00e4re fernab von unpers\u00f6nlichen grauen&hellip;<\/p>","protected":false},"author":1,"featured_media":0,"parent":0,"menu_order":0,"comment_status":"closed","ping_status":"closed","template":"","meta":{"footnotes":""},"acf":[],"_links":{"self":[{"href":"https:\/\/btb-dwb.srv06.danubeweb.at\/muenchen2024\/en\/wp-json\/wp\/v2\/pages\/840"}],"collection":[{"href":"https:\/\/btb-dwb.srv06.danubeweb.at\/muenchen2024\/en\/wp-json\/wp\/v2\/pages"}],"about":[{"href":"https:\/\/btb-dwb.srv06.danubeweb.at\/muenchen2024\/en\/wp-json\/wp\/v2\/types\/page"}],"author":[{"embeddable":true,"href":"https:\/\/btb-dwb.srv06.danubeweb.at\/muenchen2024\/en\/wp-json\/wp\/v2\/users\/1"}],"replies":[{"embeddable":true,"href":"https:\/\/btb-dwb.srv06.danubeweb.at\/muenchen2024\/en\/wp-json\/wp\/v2\/comments?post=840"}],"version-history":[{"count":2,"href":"https:\/\/btb-dwb.srv06.danubeweb.at\/muenchen2024\/en\/wp-json\/wp\/v2\/pages\/840\/revisions"}],"predecessor-version":[{"id":843,"href":"https:\/\/btb-dwb.srv06.danubeweb.at\/muenchen2024\/en\/wp-json\/wp\/v2\/pages\/840\/revisions\/843"}],"wp:attachment":[{"href":"https:\/\/btb-dwb.srv06.danubeweb.at\/muenchen2024\/en\/wp-json\/wp\/v2\/media?parent=840"}],"curies":[{"name":"wp","href":"https:\/\/api.w.org\/{rel}","templated":true}]}}