{"id":273,"date":"2024-03-12T16:54:11","date_gmt":"2024-03-12T15:54:11","guid":{"rendered":"https:\/\/btb-dwb.srv06.danubeweb.at\/muenchen2024\/?page_id=273"},"modified":"2024-04-17T11:16:23","modified_gmt":"2024-04-17T10:16:23","slug":"home","status":"publish","type":"page","link":"https:\/\/btb-dwb.srv06.danubeweb.at\/muenchen2024\/","title":{"rendered":"Home"},"content":{"rendered":"\n\n\t<h1>BTB &#8211; BUS TRAVEL BUSINESS WORKSHOP M\u00dcNCHEN<\/h1>\n\t<h4>Das Profil des B.T.B. &#8211; Bus.Travel.Business. &#8211; Workshops<\/h4>\n<p>&nbsp;<\/p>\n<p>Die B.T.B. &#8211; Bus.Travel.Business. Messe, ist in \u00d6sterreich nach mittlerweile 22 Jahren bereits zu einen Fixpunkt im Messekalender geworden. 2013 brachten wir das Messekonzept erstmals nach Deutschland. Nach den gro\u00dfen Erfolgen der vergangenen Jahre findet der BTB Workshop S\u00fcddeutschland nun bereits zum 12. Mal statt. Der Austragungsort f\u00fcr den Workshop und den anschlie\u00dfenden Workshopabends 2024 ist die B\u00fcrgerhalle beim neuen B\u00fcrgerstube in Oberschlei\u00dfheim. Vor dem Workshop planen wir exklusive F\u00fchrungen in der Flugwerft Schlei\u00dfheim des Deutschen Museums.<\/p>\n<p>&nbsp;<\/p>\n<ul>\n<li>ist die Plattform f\u00fcr die Bustouristikbranche mit Schwerpunkt auf Deutschland, Tschechien, \u00d6sterreich, Schweiz, Norditalien inklusive aller Zuliefer- und Dienstleistungsbranchen.<br \/>\n[<a href=\"location\/\">mehr zu den Details<\/a>\u00a0|\u00a0<a href=\"#datenundfakten\">mehr zu Daten und Fakten der BTB<\/a>&#8230;]<\/li>\n<li>bietet die ideale Plattform f\u00fcr Aussteller aus dem gesamteurop\u00e4ischen Raum, speziell Bus- und Gruppenreiseveranstalter aus dieser wirtschaftlich starken Region als neue Kunden gewinnen bzw. bestehende Kundenkontakte im Gruppensegment pflegen m\u00f6chten.<br \/>\n[<a href=\"idee-und-vorteile\/\">mehr zu Idee der BTB&#8230;<\/a>]<\/li>\n<li>stellt die ideale Erg\u00e4nzung zum derzeitigen Angebot an Messen, Workshops und Ausstellungen dar &#8211; mit pers\u00f6nlicherer Note, entspannter Atmosph\u00e4re in einer einzigartigen Location, qualitativ hochwertigen Kontakten und guter Kommunikation.<br \/>\n[<a href=\"idee-und-vorteile\/\">mehr zu den Vorteilen der BTB&#8230;<\/a>]<\/li>\n<\/ul>\n<p><a href=\"\/muenchen2024\/wp-content\/uploads\/sites\/13\/2024\/04\/Anmeldung-BTB-WS-Sueddeutschland-2024.pdf\">Anmeldeformular downloaden<\/a><\/p>\n\t\t\t\t<img decoding=\"async\" loading=\"lazy\" src=\"https:\/\/btb-dwb.srv06.danubeweb.at\/muenchen2024\/wp-content\/uploads\/sites\/13\/2024\/04\/Flugwerft_Ausstellungshalle_Flugzeuge1.jpg\" alt=\"Flugwerft_Ausstellungshalle_Flugzeuge1\" itemprop=\"image\" height=\"6452\" width=\"4912\" title=\"Flugwerft_Ausstellungshalle_Flugzeuge1\" onerror=\"this.style.display='none'\"  \/>\n\t<h2>Daten und Fakten<\/h2>\n<p>&nbsp;<\/p>\n\t\t<h3>Aussteller<\/h3><p>Tourismus-, Hotel- u. Tourismus-, Hotel- u. Gastronomiebetriebe sowie Dienstleistungs- und Zulieferunternehmen, Fahrzeug- u. Zulieferindustrie<\/p>\n\t\t<h3>Besucherziel- gruppen<\/h3><p>Ausschlie\u00dflich Tourismus-Facheink\u00e4ufer von Bus- und Gruppenreiseveranstaltern, Organisatoren von Betriebs- und Vereinsausfl\u00fcgen, Vertreter der Fachpresse<\/p>\n\t\t<h3>Besucherziell\u00e4nder<\/h3><p>Deutschland, Schweiz, \u00d6sterreich, Slowenien, Tschechien<\/p>\n\t\t<h3>Datum<\/h3><p>27. August 2024<\/p>\n\t\t<h3>Veranstaltungsort<\/h3>B\u00fcrgerhalle und neue B\u00fcrgerstuben Oberschlei\u00dfheim<br \/>\nTheodor-Heuss-Strasse 29<br \/>\n85764 Oberschlei\u00dfheim<br \/>\nDeutschland<br \/>\nTel.\u00a0 +49 &#8211; 89 &#8211; 315 77 404<br \/>\nTel. +43 (0)676 513 96 31<br \/>\n(Busreisen.cc vor Ort)\n\t\t<h3>Kooperationen und Partner<\/h3>BuCon k.s., Deutsches Museum (Flugwerft Schlei\u00dfheim)<br \/>\nMedien: \u00d6Bus, Bus &amp; Hotel Report, Busplaner, Eurobus, Bus Blickpunkt, Omnibus Revue\n\t\t<h3>Veranstalter<\/h3>MK Tourismuswerbung GmbH Busreisen.cc<br \/>\nMannagettagasse 36<br \/>\nA-2340 M\u00f6dling<br \/>\nTel.: +43 (0)2236 864 944<br \/>\nFax: +43 (0)2236 865 073<br \/>\nEmail:\u00a0<a href=\"mailto:info@btb.cc\">info@btb.cc<\/a>\n\t\t<h3>Bankverbindung<\/h3>\u00d6sterreichische Volksbank<br \/>\nBIC: VBOEATWW<br \/>\nIBAN: AT67 4300 0310 5772 0000<br \/>\nUID-Steuernummer: ATU 693 812 15<br \/>\nMitglied der Wirtschaftskammer \u00d6sterreich\n\t<h2>Bildergalerie<\/h2>\n<p>&nbsp;<\/p>\n\n","protected":false},"excerpt":{"rendered":"<p>BTB &#8211; BUS TRAVEL BUSINESS WORKSHOP M\u00dcNCHEN Das Profil des B.T.B. &#8211; Bus.Travel.Business. &#8211; Workshops &nbsp; Die B.T.B. &#8211; Bus.Travel.Business. Messe, ist in \u00d6sterreich nach mittlerweile 22 Jahren bereits zu&hellip;<\/p>\n","protected":false},"author":1,"featured_media":0,"parent":0,"menu_order":0,"comment_status":"closed","ping_status":"closed","template":"","meta":{"footnotes":""},"acf":[],"_links":{"self":[{"href":"https:\/\/btb-dwb.srv06.danubeweb.at\/muenchen2024\/wp-json\/wp\/v2\/pages\/273"}],"collection":[{"href":"https:\/\/btb-dwb.srv06.danubeweb.at\/muenchen2024\/wp-json\/wp\/v2\/pages"}],"about":[{"href":"https:\/\/btb-dwb.srv06.danubeweb.at\/muenchen2024\/wp-json\/wp\/v2\/types\/page"}],"author":[{"embeddable":true,"href":"https:\/\/btb-dwb.srv06.danubeweb.at\/muenchen2024\/wp-json\/wp\/v2\/users\/1"}],"replies":[{"embeddable":true,"href":"https:\/\/btb-dwb.srv06.danubeweb.at\/muenchen2024\/wp-json\/wp\/v2\/comments?post=273"}],"version-history":[{"count":18,"href":"https:\/\/btb-dwb.srv06.danubeweb.at\/muenchen2024\/wp-json\/wp\/v2\/pages\/273\/revisions"}],"predecessor-version":[{"id":910,"href":"https:\/\/btb-dwb.srv06.danubeweb.at\/muenchen2024\/wp-json\/wp\/v2\/pages\/273\/revisions\/910"}],"wp:attachment":[{"href":"https:\/\/btb-dwb.srv06.danubeweb.at\/muenchen2024\/wp-json\/wp\/v2\/media?parent=273"}],"curies":[{"name":"wp","href":"https:\/\/api.w.org\/{rel}","templated":true}]}}