{"id":279,"date":"2024-03-12T17:07:02","date_gmt":"2024-03-12T16:07:02","guid":{"rendered":"https:\/\/btb-dwb.srv06.danubeweb.at\/muenchen2024\/?page_id=279"},"modified":"2024-04-03T10:46:08","modified_gmt":"2024-04-03T09:46:08","slug":"location","status":"publish","type":"page","link":"https:\/\/btb-dwb.srv06.danubeweb.at\/muenchen2024\/location\/","title":{"rendered":"Messeort &#038; Location"},"content":{"rendered":"\n\n\t<h1>BTB &#8211; BUS TRAVEL BUSINESS WORKSHOP M\u00dcNCHEN<\/h1>\n\t<h2>Die wichtigsten Detail-Informationen zur BTB<\/h2>\n<p>&nbsp;<\/p>\n<strong>Workshoport<\/strong><br \/>\nWorkshoport ist 2024 die B\u00fcrgerhalle in Oberschlei\u00dfheim. In der N\u00e4he der B\u00fcrgerhalle liegen die Flugwerft Schlei\u00dfheim des Deutschen Museums, das eine umfangreiche Sammlung verschiedener, historischer Flugzeuge zeigt und das Schloss Schlei\u00dfheim. Wir freuen uns sehr im Zuge unseres Workshops Ihnen diese beiden einzigartigen Museen vorstellen zu k\u00f6nnen.\n<p>&nbsp;<\/p>\n<strong>Anfahrtsplan<br \/>\n<\/strong>B\u00fcrgerhalle und neue B\u00fcrgerstuben Oberschlei\u00dfheim<br \/>\nTheodor-Heuss-Strasse 29<br \/>\n85764 Oberschlei\u00dfheim<br \/>\nDeutschland\nTel.\u00a0 +49 &#8211; 89 &#8211; 315 77 404<br \/>\nTel. +43 (0)676 513 96 31 (Busreisen.cc vor Ort)<br \/>\n<a href=\"http:\/\/www.neue-buergerstuben.de\">www.neue-buergerstuben.de<\/a>\n<p>&nbsp;<\/p>\n<strong>Parken<\/strong><br \/>\n\u00d6ffentliche Parkpl\u00e4tze sind unmittelbar gegen\u00fcber der B\u00fcrgerhalle ausreichend vorhanden\n<p>&nbsp;<\/p>\n<strong>Ausstellungsfl\u00e4chen:<\/strong><br \/>\nDie Ausstellungsfl\u00e4chen befinden sich im B\u00fcrgersaal Oberschlei\u00dfheim\n<p>&nbsp;<\/p>\n<strong>Ausstellerplan:<\/strong><br \/>\nAb Anfang August 2024 finden Sie auf der Homepage unter Hallenplan den aktuellen Ausstellerplan.\n<p>&nbsp;<\/p>\n<h3>Informationen f\u00fcr Aussteller<\/h3>\n<p><strong>\u00dcbernachtung<\/strong><\/p>\n<p>Die B.T.B. hat f\u00fcr Aussteller und G\u00e4ste in der N\u00e4he der Veranstaltungshalle ein Zimmerkontingent zum Spezialpreis eingerichtet. N\u00e4here Informationen und Anfragen unter<strong>\u00a0<a href=\"mailto:info@btb.cc\">info@btb.cc<\/a>.<\/strong><\/p>\n\t\t\t\t<img decoding=\"async\" loading=\"lazy\" src=\"https:\/\/btb-dwb.srv06.danubeweb.at\/muenchen2024\/wp-content\/uploads\/sites\/13\/2024\/04\/Flugwerft_Ansicht_bei_Nacht.jpg\" alt=\"Flugwerft_Ansicht_bei_Nacht\" itemprop=\"image\" height=\"1939\" width=\"3000\" title=\"Flugwerft_Ansicht_bei_Nacht\" onerror=\"this.style.display='none'\"  \/>\n\t\t\t\t<img decoding=\"async\" loading=\"lazy\" src=\"https:\/\/btb-dwb.srv06.danubeweb.at\/muenchen2024\/wp-content\/uploads\/sites\/13\/2024\/04\/Flugwerft_Ansicht_Werfthalle.jpg\" alt=\"Flugwerft_Ansicht_Werfthalle\" itemprop=\"image\" height=\"1452\" width=\"2910\" title=\"Flugwerft_Ansicht_Werfthalle\" onerror=\"this.style.display='none'\"  \/>\n\n","protected":false},"excerpt":{"rendered":"<p>BTB &#8211; BUS TRAVEL BUSINESS WORKSHOP M\u00dcNCHEN Die wichtigsten Detail-Informationen zur BTB &nbsp; Workshoport Workshoport ist 2024 die B\u00fcrgerhalle in Oberschlei\u00dfheim. In der N\u00e4he der B\u00fcrgerhalle liegen die Flugwerft Schlei\u00dfheim&hellip;<\/p>\n","protected":false},"author":1,"featured_media":0,"parent":0,"menu_order":0,"comment_status":"closed","ping_status":"closed","template":"","meta":{"footnotes":""},"acf":[],"_links":{"self":[{"href":"https:\/\/btb-dwb.srv06.danubeweb.at\/muenchen2024\/wp-json\/wp\/v2\/pages\/279"}],"collection":[{"href":"https:\/\/btb-dwb.srv06.danubeweb.at\/muenchen2024\/wp-json\/wp\/v2\/pages"}],"about":[{"href":"https:\/\/btb-dwb.srv06.danubeweb.at\/muenchen2024\/wp-json\/wp\/v2\/types\/page"}],"author":[{"embeddable":true,"href":"https:\/\/btb-dwb.srv06.danubeweb.at\/muenchen2024\/wp-json\/wp\/v2\/users\/1"}],"replies":[{"embeddable":true,"href":"https:\/\/btb-dwb.srv06.danubeweb.at\/muenchen2024\/wp-json\/wp\/v2\/comments?post=279"}],"version-history":[{"count":5,"href":"https:\/\/btb-dwb.srv06.danubeweb.at\/muenchen2024\/wp-json\/wp\/v2\/pages\/279\/revisions"}],"predecessor-version":[{"id":838,"href":"https:\/\/btb-dwb.srv06.danubeweb.at\/muenchen2024\/wp-json\/wp\/v2\/pages\/279\/revisions\/838"}],"wp:attachment":[{"href":"https:\/\/btb-dwb.srv06.danubeweb.at\/muenchen2024\/wp-json\/wp\/v2\/media?parent=279"}],"curies":[{"name":"wp","href":"https:\/\/api.w.org\/{rel}","templated":true}]}}