{"id":285,"date":"2024-03-12T17:14:37","date_gmt":"2024-03-12T16:14:37","guid":{"rendered":"https:\/\/btb-dwb.srv06.danubeweb.at\/muenchen2024\/?page_id=285"},"modified":"2024-04-12T12:30:21","modified_gmt":"2024-04-12T11:30:21","slug":"standinfo","status":"publish","type":"page","link":"https:\/\/btb-dwb.srv06.danubeweb.at\/muenchen2024\/standinfo\/","title":{"rendered":"Standinfo"},"content":{"rendered":"\n\n\t<h1>BTB &#8211; BUS TRAVEL BUSINESS &#8211; WORKSHOP IN M\u00dcNCHEN<\/h1>\n\t<h2>Standinfo<\/h2>\n<p>&nbsp;<\/p>\n<p>Beim BTB Workshop k\u00f6nnen Sie als Aussteller zum Unterschied von Messen einzelne Tische buchen. Das Workshop Format erm\u00f6glicht Ausstellern und Eink\u00e4ufern einen lockeren und unkomplizierten Kontakt miteinander. (Siehe Beispielbilder nebenan)<\/p>\nBei allen Workshoptischen sind eine Listung im Ausstellerverzeichnis auf der BTB Messehomepage, sowie ein Grundeintrag im Messekatalog und 2 Ausstellerkarten inklusive.<br \/>\nJeder Tisch kann mit max. 2 Personen besetzt werden.\n<p>Es gibt auch die M\u00f6glichkeit sich einen Tisch mit einem 2. Aussteller zu teilen.<\/p>\n<p>&nbsp;<\/p>\n<p><a href=\"\/muenchen2024\/wp-content\/uploads\/sites\/13\/2024\/04\/Anmeldung-BTB-WS-Sueddeutschland-2024.pdf\">Anmeldeformular downloaden<\/a><\/p>\n\t\t\t\t<img decoding=\"async\" loading=\"lazy\" src=\"https:\/\/btb-dwb.srv06.danubeweb.at\/muenchen2024\/wp-content\/uploads\/sites\/13\/2024\/04\/standortinfo1.jpg\" alt=\"standortinfo1\" itemprop=\"image\" height=\"573\" width=\"860\" title=\"standortinfo1\" onerror=\"this.style.display='none'\"  \/>\n\t\t\t\t<img decoding=\"async\" loading=\"lazy\" src=\"https:\/\/btb-dwb.srv06.danubeweb.at\/muenchen2024\/wp-content\/uploads\/sites\/13\/2024\/04\/standortinfo2.jpg\" alt=\"standortinfo2\" itemprop=\"image\" height=\"573\" width=\"860\" title=\"standortinfo2\" onerror=\"this.style.display='none'\"  \/>\n\n","protected":false},"excerpt":{"rendered":"<p>BTB &#8211; BUS TRAVEL BUSINESS &#8211; WORKSHOP IN M\u00dcNCHEN Standinfo &nbsp; Beim BTB Workshop k\u00f6nnen Sie als Aussteller zum Unterschied von Messen einzelne Tische buchen. Das Workshop Format erm\u00f6glicht Ausstellern&hellip;<\/p>\n","protected":false},"author":1,"featured_media":0,"parent":0,"menu_order":0,"comment_status":"closed","ping_status":"closed","template":"","meta":{"footnotes":""},"acf":[],"_links":{"self":[{"href":"https:\/\/btb-dwb.srv06.danubeweb.at\/muenchen2024\/wp-json\/wp\/v2\/pages\/285"}],"collection":[{"href":"https:\/\/btb-dwb.srv06.danubeweb.at\/muenchen2024\/wp-json\/wp\/v2\/pages"}],"about":[{"href":"https:\/\/btb-dwb.srv06.danubeweb.at\/muenchen2024\/wp-json\/wp\/v2\/types\/page"}],"author":[{"embeddable":true,"href":"https:\/\/btb-dwb.srv06.danubeweb.at\/muenchen2024\/wp-json\/wp\/v2\/users\/1"}],"replies":[{"embeddable":true,"href":"https:\/\/btb-dwb.srv06.danubeweb.at\/muenchen2024\/wp-json\/wp\/v2\/comments?post=285"}],"version-history":[{"count":9,"href":"https:\/\/btb-dwb.srv06.danubeweb.at\/muenchen2024\/wp-json\/wp\/v2\/pages\/285\/revisions"}],"predecessor-version":[{"id":889,"href":"https:\/\/btb-dwb.srv06.danubeweb.at\/muenchen2024\/wp-json\/wp\/v2\/pages\/285\/revisions\/889"}],"wp:attachment":[{"href":"https:\/\/btb-dwb.srv06.danubeweb.at\/muenchen2024\/wp-json\/wp\/v2\/media?parent=285"}],"curies":[{"name":"wp","href":"https:\/\/api.w.org\/{rel}","templated":true}]}}