{"id":279,"date":"2024-03-12T17:07:02","date_gmt":"2024-03-12T16:07:02","guid":{"rendered":"https:\/\/btb-dwb.srv06.danubeweb.at\/stpoelten24\/?page_id=279"},"modified":"2024-04-12T13:32:46","modified_gmt":"2024-04-12T12:32:46","slug":"location","status":"publish","type":"page","link":"https:\/\/btb-dwb.srv06.danubeweb.at\/stpoelten24\/en\/location\/","title":{"rendered":"Messeort &#038; Location"},"content":{"rendered":"<h1>BTB &#8211; BUS TRAVEL BUSINESS WORKSHOP \u00d6STERREICH<\/h1>\n\t<h2>Important information\u2019s regarding the BTB Workshop<\/h2>\n<p>&nbsp;<\/p>\n<strong>Venue of the workshop<br \/>\n<\/strong>St. P\u00f6lten ist die Landeshauptstadt des Bundeslandes Nieder\u00f6sterreich. Neben seiner sch\u00f6nen Altstadt bietet St. P\u00f6lten auch viele kulturelle und kulinarsiche Highlights. Wir freuen uns sehr, dass wir Ihnen im Zuge einer kulinarischen Kultur &#8211; Stadterlebnistour die Highlights von St. P\u00f6lten zeigen d\u00fcrfen. Der BTB workshop findet im VAZ St. P\u00f6lten statt.Das VAZ ist das Veranstaltungszentrum St. P\u00f6ltens. Hier finden neben ber\u00fchmten Festivals und Konzerten auch zahlreiche Messen und Ausstellungen statt.\n<p>&nbsp;<\/p>\n<strong>Adresse Veranstaltungsort<br \/>\n<\/strong>VAZ St. P\u00f6lten<br \/>\nKelsengasse 9<br \/>\n3100 St. P\u00f6lten<br \/>\nTel: +43 (0)2742 &#8211; 714 00<br \/>\nTel: +43 (0)676 513 96 31 (Busreisen.cc vor Ort)<br \/>\n<a href=\"http:\/\/www.vaz.at\">www.vaz.at<\/a>\n<p>&nbsp;<\/p>\n<strong>Parking<br \/>\n<\/strong>Sufficient free parking spaces are available to all participants in front of the VAZ\n<p>&nbsp;<\/p>\n<strong>Exhibit Space<br \/>\n<\/strong>The exhibition areas are located in hall C\n<p>&nbsp;<\/p>\n<strong>Exhibitor Plan<br \/>\n<\/strong>From mid-October 2024 you will find the current exhibitor plan on the homepage under hall plan.\n<p>&nbsp;<\/p>\n<h3>Informations for Exhibitors<\/h3>\n<strong>Overnight stay<br \/>\n<\/strong>The B.T.B. has set up a room contingent near the VAZ at a special price for exhibitors and guests. You are welcome to request the current hotel list at\u00a0<a href=\"mailto:info@btb.cc\">info@btb.cc<\/a>\u00a0.\n\t\t\t\t<img decoding=\"async\" loading=\"lazy\" src=\"https:\/\/btb-dwb.srv06.danubeweb.at\/stpoelten24\/wp-content\/uploads\/sites\/14\/2024\/04\/detail1.jpg\" alt=\"detail1\" itemprop=\"image\" height=\"720\" width=\"1080\" title=\"detail1\" onerror=\"this.style.display='none'\"  \/>\n\t\t\t\t<img decoding=\"async\" loading=\"lazy\" src=\"https:\/\/btb-dwb.srv06.danubeweb.at\/stpoelten24\/wp-content\/uploads\/sites\/14\/2024\/04\/detail2.jpg\" alt=\"detail2\" itemprop=\"image\" height=\"2016\" width=\"1512\" title=\"detail2\" onerror=\"this.style.display='none'\"  \/>","protected":false},"excerpt":{"rendered":"<p>BTB &#8211; BUS TRAVEL BUSINESS WORKSHOP \u00d6STERREICH Die wichtigsten Detail-Informationen zur BTB &nbsp; Workshoport St. P\u00f6lten ist die Landeshauptstadt des Bundeslandes Nieder\u00f6sterreich. Neben seiner sch\u00f6nen Altstadt bietet St. P\u00f6lten auch&hellip;<\/p>","protected":false},"author":1,"featured_media":0,"parent":0,"menu_order":0,"comment_status":"closed","ping_status":"closed","template":"","meta":{"footnotes":""},"acf":[],"_links":{"self":[{"href":"https:\/\/btb-dwb.srv06.danubeweb.at\/stpoelten24\/en\/wp-json\/wp\/v2\/pages\/279"}],"collection":[{"href":"https:\/\/btb-dwb.srv06.danubeweb.at\/stpoelten24\/en\/wp-json\/wp\/v2\/pages"}],"about":[{"href":"https:\/\/btb-dwb.srv06.danubeweb.at\/stpoelten24\/en\/wp-json\/wp\/v2\/types\/page"}],"author":[{"embeddable":true,"href":"https:\/\/btb-dwb.srv06.danubeweb.at\/stpoelten24\/en\/wp-json\/wp\/v2\/users\/1"}],"replies":[{"embeddable":true,"href":"https:\/\/btb-dwb.srv06.danubeweb.at\/stpoelten24\/en\/wp-json\/wp\/v2\/comments?post=279"}],"version-history":[{"count":7,"href":"https:\/\/btb-dwb.srv06.danubeweb.at\/stpoelten24\/en\/wp-json\/wp\/v2\/pages\/279\/revisions"}],"predecessor-version":[{"id":944,"href":"https:\/\/btb-dwb.srv06.danubeweb.at\/stpoelten24\/en\/wp-json\/wp\/v2\/pages\/279\/revisions\/944"}],"wp:attachment":[{"href":"https:\/\/btb-dwb.srv06.danubeweb.at\/stpoelten24\/en\/wp-json\/wp\/v2\/media?parent=279"}],"curies":[{"name":"wp","href":"https:\/\/api.w.org\/{rel}","templated":true}]}}