{"id":285,"date":"2024-03-12T17:14:37","date_gmt":"2024-03-12T16:14:37","guid":{"rendered":"https:\/\/btb-dwb.srv06.danubeweb.at\/stpoelten24\/?page_id=285"},"modified":"2024-04-12T12:49:26","modified_gmt":"2024-04-12T11:49:26","slug":"standinfo","status":"publish","type":"page","link":"https:\/\/btb-dwb.srv06.danubeweb.at\/stpoelten24\/en\/standinfo\/","title":{"rendered":"Booth infos"},"content":{"rendered":"<h1>BTB &#8211; BUS TRAVEL BUSINESS WORKSHOP \u00d6STERREICH<\/h1>\n\t<h2>Booth infos<\/h2>\n<p>&nbsp;<\/p>\n<p>At the BTB Workshop, exhibitors can rent individual tables. The Workshop format allows a loose and uncomplicated contact between exhibitors and purchasing agents. Example pictures to the right.<\/p>\n<p>A workshop table includes a listing in the exhibitor index, on the BTB fair homepage and a main-entry in the fair catalog. 2 exhibitor passes included. Every table can only be used by a maximum of 2 persons.<\/p>\n<p>You can share your table with another exhibitor aswell.<\/p>\n<p>&nbsp;<\/p>\n<p><a href=\"\/stpoelten24\/wp-content\/uploads\/sites\/14\/2024\/04\/Anmeldung-BTB-WS-Oesterreich-2024.pdf\">Download registration form<\/a><\/p>\n\t\t\t\t<img decoding=\"async\" loading=\"lazy\" src=\"https:\/\/btb-dwb.srv06.danubeweb.at\/stpoelten24\/wp-content\/uploads\/sites\/14\/2024\/04\/standinfo1.jpg\" alt=\"standinfo1\" itemprop=\"image\" height=\"2016\" width=\"1512\" title=\"standinfo1\" onerror=\"this.style.display='none'\"  \/>","protected":false},"excerpt":{"rendered":"<p>BTB &#8211; BUS TRAVEL BUSINESS WORKSHOP \u00d6STERREICH Standinfo &nbsp; Beim BTB Workshop k\u00f6nnen Sie als Aussteller zum Unterschied von Messen einzelne Tische buchen. Das Workshop Format erm\u00f6glicht Ausstellern und Eink\u00e4ufern&hellip;<\/p>","protected":false},"author":1,"featured_media":0,"parent":0,"menu_order":0,"comment_status":"closed","ping_status":"closed","template":"","meta":{"footnotes":""},"acf":[],"_links":{"self":[{"href":"https:\/\/btb-dwb.srv06.danubeweb.at\/stpoelten24\/en\/wp-json\/wp\/v2\/pages\/285"}],"collection":[{"href":"https:\/\/btb-dwb.srv06.danubeweb.at\/stpoelten24\/en\/wp-json\/wp\/v2\/pages"}],"about":[{"href":"https:\/\/btb-dwb.srv06.danubeweb.at\/stpoelten24\/en\/wp-json\/wp\/v2\/types\/page"}],"author":[{"embeddable":true,"href":"https:\/\/btb-dwb.srv06.danubeweb.at\/stpoelten24\/en\/wp-json\/wp\/v2\/users\/1"}],"replies":[{"embeddable":true,"href":"https:\/\/btb-dwb.srv06.danubeweb.at\/stpoelten24\/en\/wp-json\/wp\/v2\/comments?post=285"}],"version-history":[{"count":12,"href":"https:\/\/btb-dwb.srv06.danubeweb.at\/stpoelten24\/en\/wp-json\/wp\/v2\/pages\/285\/revisions"}],"predecessor-version":[{"id":899,"href":"https:\/\/btb-dwb.srv06.danubeweb.at\/stpoelten24\/en\/wp-json\/wp\/v2\/pages\/285\/revisions\/899"}],"wp:attachment":[{"href":"https:\/\/btb-dwb.srv06.danubeweb.at\/stpoelten24\/en\/wp-json\/wp\/v2\/media?parent=285"}],"curies":[{"name":"wp","href":"https:\/\/api.w.org\/{rel}","templated":true}]}}