{"id":840,"date":"2024-04-03T10:52:42","date_gmt":"2024-04-03T09:52:42","guid":{"rendered":"https:\/\/btb-dwb.srv06.danubeweb.at\/stpoelten24\/?page_id=840"},"modified":"2024-04-17T10:48:51","modified_gmt":"2024-04-17T09:48:51","slug":"idee-und-vorteile","status":"publish","type":"page","link":"https:\/\/btb-dwb.srv06.danubeweb.at\/stpoelten24\/en\/idee-und-vorteile\/","title":{"rendered":"Idee &#038; Vorteile"},"content":{"rendered":"<h1>BTB &#8211; BUS TRAVEL BUSINESS WORKSHOP \u00d6STERREICH<\/h1>\n\t<h3>The Idea<\/h3>\n<p>In the cozy ambience of the VAZ St. P\u00f6lten, exhibitors and trade visitors have the opportunity to meet each other in a pleasant atmosphere. An equally beautiful evening and supporting program brings people from numerous European countries together, entertains them and provides the background for deepening the contacts they have made.<\/p>\n<p>&nbsp;<\/p>\n<h3>The advantages<\/h3>\n<p>The advantages for exhibitors and visitors<\/p>\n<ul>\n<li>The Bus workshop in proximity, no hour\u2019s long journey.<\/li>\n<li>Compact and attractive program<\/li>\n<li>Umfangreicher Ausstellermix inkl. einem gro\u00dfen Technikbereich<\/li>\n<li>Social and atmospheric Workshop evening<\/li>\n<li>Tourism- and Event organizing experienced team<\/li>\n<li>Precise target group marketing<\/li>\n<li>Unique frame program<\/li>\n<\/ul>\n\t\t\t\t<img decoding=\"async\" loading=\"lazy\" src=\"https:\/\/btb-dwb.srv06.danubeweb.at\/stpoelten24\/wp-content\/uploads\/sites\/14\/2024\/04\/idee.jpg\" alt=\"idee\" itemprop=\"image\" height=\"573\" width=\"860\" title=\"idee\" onerror=\"this.style.display='none'\"  \/>","protected":false},"excerpt":{"rendered":"<p>BTB &#8211; BUS TRAVEL BUSINESS WORKSHOP \u00d6STERREICH Die Idee Im gem\u00fctlichen Ambiente des VAZ St. P\u00f6lten haben Aussteller und Fachpublikum die M\u00f6glichkeit, einander in angenehmer Atmosph\u00e4re zu begegnen. Ein ebenso&hellip;<\/p>","protected":false},"author":1,"featured_media":0,"parent":0,"menu_order":0,"comment_status":"closed","ping_status":"closed","template":"","meta":{"footnotes":""},"acf":[],"_links":{"self":[{"href":"https:\/\/btb-dwb.srv06.danubeweb.at\/stpoelten24\/en\/wp-json\/wp\/v2\/pages\/840"}],"collection":[{"href":"https:\/\/btb-dwb.srv06.danubeweb.at\/stpoelten24\/en\/wp-json\/wp\/v2\/pages"}],"about":[{"href":"https:\/\/btb-dwb.srv06.danubeweb.at\/stpoelten24\/en\/wp-json\/wp\/v2\/types\/page"}],"author":[{"embeddable":true,"href":"https:\/\/btb-dwb.srv06.danubeweb.at\/stpoelten24\/en\/wp-json\/wp\/v2\/users\/1"}],"replies":[{"embeddable":true,"href":"https:\/\/btb-dwb.srv06.danubeweb.at\/stpoelten24\/en\/wp-json\/wp\/v2\/comments?post=840"}],"version-history":[{"count":5,"href":"https:\/\/btb-dwb.srv06.danubeweb.at\/stpoelten24\/en\/wp-json\/wp\/v2\/pages\/840\/revisions"}],"predecessor-version":[{"id":948,"href":"https:\/\/btb-dwb.srv06.danubeweb.at\/stpoelten24\/en\/wp-json\/wp\/v2\/pages\/840\/revisions\/948"}],"wp:attachment":[{"href":"https:\/\/btb-dwb.srv06.danubeweb.at\/stpoelten24\/en\/wp-json\/wp\/v2\/media?parent=840"}],"curies":[{"name":"wp","href":"https:\/\/api.w.org\/{rel}","templated":true}]}}