{"id":927,"date":"2024-04-12T13:01:26","date_gmt":"2024-04-12T12:01:26","guid":{"rendered":"https:\/\/btb-dwb.srv06.danubeweb.at\/stpoelten24\/?page_id=927"},"modified":"2024-04-12T13:03:05","modified_gmt":"2024-04-12T12:03:05","slug":"fachbesucher","status":"publish","type":"page","link":"https:\/\/btb-dwb.srv06.danubeweb.at\/stpoelten24\/en\/fachbesucher\/","title":{"rendered":"Fachbesucher"},"content":{"rendered":"<h1>BTB &#8211; BUS TRAVEL BUSINESS WORKSHOP \u00d6STERREICH<\/h1>\n\t<h2>Service for BTB-Fairvisitors<\/h2>\n<p>&nbsp;<\/p>\n<ul>\n<li>Registration for fairvisitors<br \/>\nThe BTB is staged exclusively for professional buyers in the tourism-market as well as bus- and group travel organizers, organizers of corporate activities and representatives of the specialised press. Visitors need to be accredited for the fair. Please contact us by mail:\u00a0<a href=\"mailto:info@btb.cc\">info@btb.cc<\/a><\/li>\n<li>Appointments with exhibitors<br \/>\nIt is possible to contact the exhibitors via email before the fair to arrange appointments and plan your visit accordingly.<\/li>\n<li>You will find an actual exhibitors plan in the end of September 2024.<\/li>\n<li>Overnight stay<br \/>\nThe BTB offers accommodations of different price segments in different hotel categories of the surrounding area. More detailed information as well as requests under\u00a0<a href=\"mailto:info@btb.cc\">info@btb.cc<\/a><\/li>\n<\/ul>\n\t\t\t\t<img decoding=\"async\" loading=\"lazy\" src=\"https:\/\/btb-dwb.srv06.danubeweb.at\/stpoelten24\/wp-content\/uploads\/sites\/14\/2024\/04\/fachbeuschr1.jpg\" alt=\"fachbeuschr1\" itemprop=\"image\" height=\"573\" width=\"860\" title=\"fachbeuschr1\" onerror=\"this.style.display='none'\"  \/>","protected":false},"excerpt":{"rendered":"<p>BTB &#8211; BUS TRAVEL BUSINESS WORKSHOP \u00d6STERREICH Service f\u00fcr BTB-Fachbesucher &nbsp; Registratur f\u00fcr Fachbesucher Die BTB ist ausschlie\u00dflich f\u00fcr Tourismus-Facheink\u00e4ufer von Bus- und Gruppenreiseveranstaltern, Organisatoren von Betriebs- und Vereinsausfl\u00fcgen, Vertreter&hellip;<\/p>","protected":false},"author":1,"featured_media":0,"parent":0,"menu_order":0,"comment_status":"closed","ping_status":"closed","template":"","meta":{"footnotes":""},"acf":[],"_links":{"self":[{"href":"https:\/\/btb-dwb.srv06.danubeweb.at\/stpoelten24\/en\/wp-json\/wp\/v2\/pages\/927"}],"collection":[{"href":"https:\/\/btb-dwb.srv06.danubeweb.at\/stpoelten24\/en\/wp-json\/wp\/v2\/pages"}],"about":[{"href":"https:\/\/btb-dwb.srv06.danubeweb.at\/stpoelten24\/en\/wp-json\/wp\/v2\/types\/page"}],"author":[{"embeddable":true,"href":"https:\/\/btb-dwb.srv06.danubeweb.at\/stpoelten24\/en\/wp-json\/wp\/v2\/users\/1"}],"replies":[{"embeddable":true,"href":"https:\/\/btb-dwb.srv06.danubeweb.at\/stpoelten24\/en\/wp-json\/wp\/v2\/comments?post=927"}],"version-history":[{"count":2,"href":"https:\/\/btb-dwb.srv06.danubeweb.at\/stpoelten24\/en\/wp-json\/wp\/v2\/pages\/927\/revisions"}],"predecessor-version":[{"id":930,"href":"https:\/\/btb-dwb.srv06.danubeweb.at\/stpoelten24\/en\/wp-json\/wp\/v2\/pages\/927\/revisions\/930"}],"wp:attachment":[{"href":"https:\/\/btb-dwb.srv06.danubeweb.at\/stpoelten24\/en\/wp-json\/wp\/v2\/media?parent=927"}],"curies":[{"name":"wp","href":"https:\/\/api.w.org\/{rel}","templated":true}]}}