{"id":273,"date":"2024-03-12T16:54:11","date_gmt":"2024-03-12T15:54:11","guid":{"rendered":"https:\/\/btb-dwb.srv06.danubeweb.at\/stpoelten24\/?page_id=273"},"modified":"2024-04-17T11:17:27","modified_gmt":"2024-04-17T10:17:27","slug":"home","status":"publish","type":"page","link":"https:\/\/btb-dwb.srv06.danubeweb.at\/stpoelten24\/","title":{"rendered":"Home"},"content":{"rendered":"\n\n\t<h1>BTB &#8211; BUS TRAVEL BUSINESS WORKSHOP \u00d6STERREICH<\/h1>\n\t<h4>Die B.T.B. &#8211; Bus.Travel.Business &#8211; Workshop &#8222;Poleposition Bus&#8220;<\/h4>\n<p>&nbsp;<\/p>\n<p>Nach 20 erfolgreichen Jahren BTB Messen in Wien \/ V\u00f6sendorf und einem einzigartigen neuen Brancheneventkonzept, das wir nun 2023 in Spielberg erstmals an den Start gebracht haben, freuen wir uns unseren neuen BTB Workshop 2024 erstmals in der Nieder\u00f6sterreichischen Landeshauptstadt St. P\u00f6lten veranstalten zu d\u00fcrfen. \u00a0Was erwartet Sie als Teilnehmer beim BTB &#8211; Workshop in St. P\u00f6lten:<\/p>\n<ul>\n<li>Eine Fachmesse in Workshopformat mit zahlreichen touristischen- und Technikausstellern aus dem In- und Ausland (im VAZ St. P\u00f6lten &#8211; alle Aussteller in einer Halle inkl. Technik und Bushersteller)<\/li>\n<li>Willkommensabend am 5.11.2024 (Achtung! begrenzte Pl\u00e4tze)<\/li>\n<li>Gro\u00dfer Nieder\u00f6sterreich &#8211; Workshopabend mit Live Musik und Kulinarik Verkostungsst\u00e4nden am 6.11.2024 im VAZ St. P\u00f6lten (Achtung! Begrenzte Pl\u00e4tze)<\/li>\n<li>Kultur-Kulinarische Stadtf\u00fchrung durch St. P\u00f6lten (6.11.2024 Vormittag)<\/li>\n<li>Erlebnis &#8211; Touren durch Nieder\u00f6sterreich f\u00fcr Fachbesucher am 7.11.2024<\/li>\n<\/ul>\n<p>&nbsp;<\/p>\n<p>Die Vorteile des BTB Workshops auf einen Blick:<\/p>\n<ul>\n<li>ist die \u00f6sterreichische und zentraleurop\u00e4ische\u00a0<strong>Fachmesse<\/strong>f\u00fcr die Bus- und Gruppentouristikbranche inkl. aller Zuliefer- und Dienstleistungsbranchen.<br \/>\n[mehr zu den\u00a0<a href=\"\/stpoelten24\/location\/\">Details<\/a>| mehr zu\u00a0<a href=\"#datenundfakten\">Daten &amp; Fakten<\/a>\u00a0der BTB&#8230;]<\/li>\n<li>bietet die ideale Plattform f\u00fcr Aussteller aus dem gesamteurop\u00e4ischen Raum, die speziell im Mittel- und Osteurop\u00e4ischen Bereich neue Kunden gewinnen bzw. bestehende Kundenkontakte im Gruppensegment pflegen m\u00f6chten.<\/li>\n<li>stellt die ideale Erg\u00e4nzung zum derzeitigen Angebot an Messen, Workshops und Ausstellungen dar &#8211; mit pers\u00f6nlicherer Note, entspannter Atmosph\u00e4re, qualitativ hochwertigen Kontakten und guter Kommunikation.<\/li>\n<\/ul>\n<p><a href=\"\/stpoelten24\/wp-content\/uploads\/sites\/14\/2024\/04\/Anmeldung-BTB-WS-Oesterreich-2024.pdf\">Anmeldeformular downloaden<\/a><\/p>\n\t\t\t\t<img decoding=\"async\" loading=\"lazy\" src=\"https:\/\/btb-dwb.srv06.danubeweb.at\/stpoelten24\/wp-content\/uploads\/sites\/14\/2024\/04\/home1.jpg\" alt=\"home1\" itemprop=\"image\" height=\"1512\" width=\"2016\" title=\"home1\" onerror=\"this.style.display='none'\"  \/>\n\t\t\t\t<img decoding=\"async\" loading=\"lazy\" src=\"https:\/\/btb-dwb.srv06.danubeweb.at\/stpoelten24\/wp-content\/uploads\/sites\/14\/2024\/04\/BTB16.jpg\" alt=\"BTB16\" itemprop=\"image\" height=\"1512\" width=\"2016\" title=\"BTB16\" onerror=\"this.style.display='none'\"  \/>\n\t\t\t\t<img decoding=\"async\" loading=\"lazy\" src=\"https:\/\/btb-dwb.srv06.danubeweb.at\/stpoelten24\/wp-content\/uploads\/sites\/14\/2024\/04\/1Genuss-Duett_Rathausplatz-c-SEPA.Media-KG-Barbara-Seiberl-Stark.jpg\" alt=\"\u00a9 SEPA.Media KG Barbara Seiberl-Stark\" itemprop=\"image\" height=\"720\" width=\"1080\" title=\"1Genuss Duett_Rathausplatz (c) SEPA.Media KG Barbara Seiberl-Stark\" onerror=\"this.style.display='none'\"  \/>\n\t\t\u00a9 SEPA.Media KG Barbara Seiberl-Stark\n\t\t\t\t<img decoding=\"async\" loading=\"lazy\" src=\"https:\/\/btb-dwb.srv06.danubeweb.at\/stpoelten24\/wp-content\/uploads\/sites\/14\/2024\/04\/Herrenplatz-Foto-SEPA-Media_-Seiberl-Starkl.jpg\" alt=\"\u00a9 SEPA.Media KG Barbara Seiberl-Stark\" itemprop=\"image\" height=\"721\" width=\"1080\" title=\"Herrenplatz - Foto SEPA Media_ Seiberl Starkl\" onerror=\"this.style.display='none'\"  \/>\n\t\t\u00a9 SEPA.Media KG Barbara Seiberl-Stark\n\t<h2>Daten und Fakten<\/h2>\n<p>&nbsp;<\/p>\n\t\t<h3>Aussteller<\/h3><p>Tourismus-, Hotel- u. Gastronomiebetriebe sowie Dienstleistungs- und Zulieferunternehmen, Fahrzeug- u. Zulieferindustrie<\/p>\n\t\t<h3>Besucherziel- gruppen<\/h3><p>Ausschlie\u00dflich Tourismus-Facheink\u00e4ufer von Bus- und Gruppenreiseveranstaltern, Organisatoren von Betriebs- und Vereinsausfl\u00fcgen, Vertreter der Fachpresse<\/p>\n\t\t<h3>Besucherziell\u00e4nder<\/h3><p>\u00d6sterreich, Slowakei, Ungarn, Slowenien, Tschechien, Deutschland und Schweiz<\/p>\n\t\t<h3>Datum<\/h3><p>6. November 2024<\/p>\n\t\t<h3>Veranstaltungsort<\/h3>VAZ St. P\u00f6lten<br \/>\nKelsengasse 9<br \/>\n3100 St. P\u00f6lten<br \/>\nTel: +43 (0)2742 &#8211; 714 00<br \/>\nTel: +43 (0)676 513 96 31<br \/>\n(Busreisen.cc vor Ort)<br \/>\n<a href=\"http:\/\/www.vaz.at\">www.vaz.at<\/a>\n\t\t<h3>Kooperationen und Partner<\/h3><p>Nieder\u00f6sterreich Werbung, Tourismus St. P\u00f6lten, BuCon k.s. Medien: \u00d6Bus, Bus &amp; Hotel Report, T.A.I., Busplaner, Eurobus, Bus Blickpunkt, Omnibus Revue<\/p>\n\t\t<h3>Veranstalter<\/h3>MK Tourismuswerbung GmbH Busreisen.cc<br \/>\nMannagettagasse 36<br \/>\nA-2340 M\u00f6dling<br \/>\nTel.: +43 (0)2236 864 944<br \/>\nFax: +43 (0)2236 865 073<br \/>\nEmail:\u00a0<a href=\"mailto:info@btb.cc\">info@btb.cc<\/a>\n\t\t<h3>Bankverbindung<\/h3>\u00d6sterreichische Volksbank<br \/>\nBIC: VBOEATWW<br \/>\nIBAN: AT67 4300 0310 5772 0000<br \/>\nUID-Steuernummer: ATU 693 812 15<br \/>\nMitglied der Wirtschaftskammer \u00d6sterreich\n\t<h2>Bildergalerie<\/h2>\n<p>&nbsp;<\/p>\n\n","protected":false},"excerpt":{"rendered":"<p>BTB &#8211; BUS TRAVEL BUSINESS WORKSHOP \u00d6STERREICH Die B.T.B. &#8211; Bus.Travel.Business &#8211; Workshop &#8222;Poleposition Bus&#8220; &nbsp; Nach 20 erfolgreichen Jahren BTB Messen in Wien \/ V\u00f6sendorf und einem einzigartigen neuen&hellip;<\/p>\n","protected":false},"author":1,"featured_media":0,"parent":0,"menu_order":0,"comment_status":"closed","ping_status":"closed","template":"","meta":{"footnotes":""},"acf":[],"_links":{"self":[{"href":"https:\/\/btb-dwb.srv06.danubeweb.at\/stpoelten24\/wp-json\/wp\/v2\/pages\/273"}],"collection":[{"href":"https:\/\/btb-dwb.srv06.danubeweb.at\/stpoelten24\/wp-json\/wp\/v2\/pages"}],"about":[{"href":"https:\/\/btb-dwb.srv06.danubeweb.at\/stpoelten24\/wp-json\/wp\/v2\/types\/page"}],"author":[{"embeddable":true,"href":"https:\/\/btb-dwb.srv06.danubeweb.at\/stpoelten24\/wp-json\/wp\/v2\/users\/1"}],"replies":[{"embeddable":true,"href":"https:\/\/btb-dwb.srv06.danubeweb.at\/stpoelten24\/wp-json\/wp\/v2\/comments?post=273"}],"version-history":[{"count":24,"href":"https:\/\/btb-dwb.srv06.danubeweb.at\/stpoelten24\/wp-json\/wp\/v2\/pages\/273\/revisions"}],"predecessor-version":[{"id":949,"href":"https:\/\/btb-dwb.srv06.danubeweb.at\/stpoelten24\/wp-json\/wp\/v2\/pages\/273\/revisions\/949"}],"wp:attachment":[{"href":"https:\/\/btb-dwb.srv06.danubeweb.at\/stpoelten24\/wp-json\/wp\/v2\/media?parent=273"}],"curies":[{"name":"wp","href":"https:\/\/api.w.org\/{rel}","templated":true}]}}