{"id":927,"date":"2024-04-12T13:01:26","date_gmt":"2024-04-12T12:01:26","guid":{"rendered":"https:\/\/btb-dwb.srv06.danubeweb.at\/stpoelten24\/?page_id=927"},"modified":"2024-04-12T13:03:05","modified_gmt":"2024-04-12T12:03:05","slug":"fachbesucher","status":"publish","type":"page","link":"https:\/\/btb-dwb.srv06.danubeweb.at\/stpoelten24\/fachbesucher\/","title":{"rendered":"Fachbesucher"},"content":{"rendered":"\n\n\t<h1>BTB &#8211; BUS TRAVEL BUSINESS WORKSHOP \u00d6STERREICH<\/h1>\n\t<h2>Service f\u00fcr BTB-Fachbesucher<\/h2>\n<p>&nbsp;<\/p>\n<ul>\n<li>Registratur f\u00fcr Fachbesucher<br \/>\nDie BTB ist ausschlie\u00dflich f\u00fcr Tourismus-Facheink\u00e4ufer von Bus- und Gruppenreiseveranstaltern, Organisatoren von Betriebs- und Vereinsausfl\u00fcgen, Vertreter der Fachpresse ge\u00f6ffnet. Als Fachbesucher m\u00fcssen Sie sich vor dem Betreten der Messe akkreditieren. Um Ihnen Wartezeiten beim Einlass zu ersparen, k\u00f6nnen Sie dies auch schon vorab per Mail erledigen:\u00a0<a href=\"mailto:info@btb.cc\">info@btb.cc<\/a><\/li>\n<li>Terminvereinbarungen mit Ausstellern<br \/>\nSie k\u00f6nnen mit allen Ausstellern Ihrer Wahl bereits vor der Messe per Mail Kontakt aufnehmen um Ihnen Messebesuch bereits vorab bestm\u00f6glich zu planen.<\/li>\n<li>Unter diesem Link finden Sie ab Mitte Oktober 2024 den aktuellen Messeplan mit allen Messest\u00e4nden: Messeplan<\/li>\n<li>\u00dcbernachtung<br \/>\nDie B.T.B. hat f\u00fcr Aussteller und G\u00e4ste im direkten Messeumfeld Zimmerkontingente in verschieden Hotelkategorien und unterschiedlichen Preissegmenten reserviert. N\u00e4here Informationen und Anfragen unter\u00a0<a href=\"mailto:info@btb.cc\">info@btb.cc<\/a><\/li>\n<\/ul>\n\t\t\t\t<img decoding=\"async\" loading=\"lazy\" src=\"https:\/\/btb-dwb.srv06.danubeweb.at\/stpoelten24\/wp-content\/uploads\/sites\/14\/2024\/04\/fachbeuschr1.jpg\" alt=\"fachbeuschr1\" itemprop=\"image\" height=\"573\" width=\"860\" title=\"fachbeuschr1\" onerror=\"this.style.display='none'\"  \/>\n\n","protected":false},"excerpt":{"rendered":"<p>BTB &#8211; BUS TRAVEL BUSINESS WORKSHOP \u00d6STERREICH Service f\u00fcr BTB-Fachbesucher &nbsp; Registratur f\u00fcr Fachbesucher Die BTB ist ausschlie\u00dflich f\u00fcr Tourismus-Facheink\u00e4ufer von Bus- und Gruppenreiseveranstaltern, Organisatoren von Betriebs- und Vereinsausfl\u00fcgen, Vertreter&hellip;<\/p>\n","protected":false},"author":1,"featured_media":0,"parent":0,"menu_order":0,"comment_status":"closed","ping_status":"closed","template":"","meta":{"footnotes":""},"acf":[],"_links":{"self":[{"href":"https:\/\/btb-dwb.srv06.danubeweb.at\/stpoelten24\/wp-json\/wp\/v2\/pages\/927"}],"collection":[{"href":"https:\/\/btb-dwb.srv06.danubeweb.at\/stpoelten24\/wp-json\/wp\/v2\/pages"}],"about":[{"href":"https:\/\/btb-dwb.srv06.danubeweb.at\/stpoelten24\/wp-json\/wp\/v2\/types\/page"}],"author":[{"embeddable":true,"href":"https:\/\/btb-dwb.srv06.danubeweb.at\/stpoelten24\/wp-json\/wp\/v2\/users\/1"}],"replies":[{"embeddable":true,"href":"https:\/\/btb-dwb.srv06.danubeweb.at\/stpoelten24\/wp-json\/wp\/v2\/comments?post=927"}],"version-history":[{"count":2,"href":"https:\/\/btb-dwb.srv06.danubeweb.at\/stpoelten24\/wp-json\/wp\/v2\/pages\/927\/revisions"}],"predecessor-version":[{"id":930,"href":"https:\/\/btb-dwb.srv06.danubeweb.at\/stpoelten24\/wp-json\/wp\/v2\/pages\/927\/revisions\/930"}],"wp:attachment":[{"href":"https:\/\/btb-dwb.srv06.danubeweb.at\/stpoelten24\/wp-json\/wp\/v2\/media?parent=927"}],"curies":[{"name":"wp","href":"https:\/\/api.w.org\/{rel}","templated":true}]}}